{"id":552,"date":"2021-05-28T09:30:00","date_gmt":"2021-05-28T07:30:00","guid":{"rendered":"https:\/\/jalisco-restaurante.com\/index.php\/producto\/ensalada-jalisco\/"},"modified":"2025-03-13T21:18:08","modified_gmt":"2025-03-13T20:18:08","slug":"ensalada-jalisco","status":"publish","type":"product","link":"https:\/\/jalisco-restaurante.com\/index.php\/producto\/ensalada-jalisco\/","title":{"rendered":"Ensalada Jalisco"},"content":{"rendered":"","protected":false},"excerpt":{"rendered":"<p>En su flor, lechuga, tomate, ma\u00edz, zanahoria, alcachofa, at\u00fan y chile jalape\u00f1o<\/p>\n","protected":false},"featured_media":0,"template":"","meta":[],"product_brand":[],"product_cat":[52],"product_tag":[53],"class_list":{"0":"post-552","1":"product","2":"type-product","3":"status-publish","5":"product_cat-ensaladas","6":"product_tag-ensalada-jalisco","8":"first","9":"instock","10":"sale","11":"purchasable","12":"product-type-simple"},"_links":{"self":[{"href":"https:\/\/jalisco-restaurante.com\/index.php\/wp-json\/wp\/v2\/product\/552","targetHints":{"allow":["GET"]}}],"collection":[{"href":"https:\/\/jalisco-restaurante.com\/index.php\/wp-json\/wp\/v2\/product"}],"about":[{"href":"https:\/\/jalisco-restaurante.com\/index.php\/wp-json\/wp\/v2\/types\/product"}],"wp:attachment":[{"href":"https:\/\/jalisco-restaurante.com\/index.php\/wp-json\/wp\/v2\/media?parent=552"}],"wp:term":[{"taxonomy":"product_brand","embeddable":true,"href":"https:\/\/jalisco-restaurante.com\/index.php\/wp-json\/wp\/v2\/product_brand?post=552"},{"taxonomy":"product_cat","embeddable":true,"href":"https:\/\/jalisco-restaurante.com\/index.php\/wp-json\/wp\/v2\/product_cat?post=552"},{"taxonomy":"product_tag","embeddable":true,"href":"https:\/\/jalisco-restaurante.com\/index.php\/wp-json\/wp\/v2\/product_tag?post=552"}],"curies":[{"name":"wp","href":"https:\/\/api.w.org\/{rel}","templated":true}]}}