{"id":711,"date":"2021-06-30T18:41:13","date_gmt":"2021-06-30T18:41:13","guid":{"rendered":"https:\/\/jalisco-restaurante.com\/?page_id=711"},"modified":"2021-08-20T09:01:40","modified_gmt":"2021-08-20T09:01:40","slug":"terminos-y-condiciones","status":"publish","type":"page","link":"https:\/\/jalisco-restaurante.com\/index.php\/terminos-y-condiciones\/","title":{"rendered":"T\u00e9rminos y condiciones"},"content":{"rendered":"<h1 class=\"heading-l\">CONDICIONES GENERALES DE UTILIZACI\u00d3N DE LA WEB.<\/h1>\n<p>&nbsp;<\/p>\n<p>&nbsp;<\/p>\n<h2 class=\"heading-s\" data-gtm-vis-recent-on-screen-11320358_157=\"140033\" data-gtm-vis-first-on-screen-11320358_157=\"140033\" data-gtm-vis-total-visible-time-11320358_157=\"1000\" data-gtm-vis-has-fired-11320358_157=\"1\">1) INTRODUCCI\u00d3N.<\/h2>\n<p>Las presentes Condiciones Generales de Utilizaci\u00f3n del Portal, junto con las condiciones generales de contrataci\u00f3n que rijan la prestaci\u00f3n de los servicios, y\/o las condiciones particulares que puedan establecerse, tienen por finalidad regular tanto la puesta a disposici\u00f3n de la informaci\u00f3n como las relaciones comerciales que surjan entre <strong>DA ROSA CENTER, S.L. (RESTAURANTE JALISCO)<\/strong> y los usuarios de esta p\u00e1gina web (www.jalisco-restaurante.com).<\/p>\n<p>Al utilizar esta p\u00e1gina web o hacer un pedido a trav\u00e9s de la misma, usted consiente quedar vinculado por estas Condiciones y por nuestras Pol\u00edticas de Protecci\u00f3n de Datos, por lo que si no est\u00e1 usted de acuerdo con todas las Condiciones y con las Pol\u00edticas de Protecci\u00f3n de Datos, no debe usar esta p\u00e1gina web.<\/p>\n<p><strong>DA ROSA CENTER, S.L. (RESTAURANTE JALISCO)<\/strong> podr\u00e1 en todo momento y sin previo aviso, modificar las presentes Condiciones Generales, as\u00ed como las Condiciones Generales de Contrataci\u00f3n, y\/o las condiciones particulares que, en su caso, se incluyan, mediante la publicaci\u00f3n de dichas modificaciones en nuestra web con el fin de que puedan ser conocidas por los Usuarios, siempre antes de la visita a la web o a la adquisici\u00f3n de cualesquiera bienes ofertados en la misma.<\/p>\n<p>Es su responsabilidad leerlas peri\u00f3dicamente, ya que resultar\u00e1n aplicables aquellas que se encuentren vigentes en el momento de realizaci\u00f3n de pedidos o, en defecto de estos, el del uso de la p\u00e1gina web.<\/p>\n<p>&nbsp;<\/p>\n<h2 class=\"heading-s\" data-gtm-vis-first-on-screen-11320358_157=\"139848\" data-gtm-vis-total-visible-time-11320358_157=\"200\">2) TITULARIDAD DEL PORTAL.<\/h2>\n<p>En cumplimiento de la Ley 34\/2002, de 11 de julio, de servicios de la sociedad de la informaci\u00f3n y de comercio electr\u00f3nico, se informa que los Datos identificativos del responsable titular del portal son los siguientes:<\/p>\n<p>DENOMINACI\u00d3N SOCIAL: <strong>DA ROSA CENTER, S.L.\u00a0<\/strong><br \/>\nCIF: B53714499<br \/>\nDOMICILIO SOCIAL: C\/ VELARDE, 4- C.P. 03203- ELCHE (ALICANTE), ESPA\u00d1A<br \/>\nREGISTRO MERCANTIL DE ALICANTE : Tomo 2594, libro 0, folio 104, secci\u00f3n 8, hoja A-73.400, inscripci\u00f3n 1\u00aa.<\/p>\n<p>A efectos aclaratorios <strong>DA ROSA CENTER, S.L.\u00a0<\/strong> quedar\u00e1 identificada en todo el documento como <strong>DA ROSA CENTER, S.L.\u00a0<\/strong><\/p>\n<p>&nbsp;<\/p>\n<h2 class=\"heading-s\" data-gtm-vis-first-on-screen-11320358_157=\"138866\">3) PROPIEDAD INTELECTUAL E INDUSTRIAL. PROHIBICI\u00d3N DE HIPERENLACES.<\/h2>\n<p>Todos los contenidos que se muestran en la p\u00e1gina web www.telepizza.es, y en especial, dise\u00f1os, textos, gr\u00e1ficos, logos, iconos, botones, software, nombres comerciales, marcas, dibujos industriales o cualesquiera otros signos susceptibles de utilizaci\u00f3n industrial y comercial est\u00e1n protegidos por la normativa de Propiedad Intelectual e Industrial ( R.D.L 1\/96 que aprueba el Texto Refundido de la Ley de Propiedad Intelectual y por la Ley de Marcas 17\/2001) y est\u00e1n sujetos a derechos de propiedad intelectual e industrial de <strong>DA ROSA CENTER, S.L.\u00a0<\/strong> y \/o de terceros titulares de los mismos, que han autorizado debidamente su inclusi\u00f3n en el Portal.<\/p>\n<p>En ning\u00fan caso se entender\u00e1 que se concede licencia alguna o se efect\u00faa renuncia, transmisi\u00f3n, cesi\u00f3n total o parcial de dichos derechos ni se confiere ning\u00fan derecho ni expectativa de derecho, y en especial, de alteraci\u00f3n, explotaci\u00f3n, reproducci\u00f3n, distribuci\u00f3n o comunicaci\u00f3n p\u00fablica sobre dichos contenidos sin la previa autorizaci\u00f3n expresa de <strong>DA ROSA CENTER, S.L.\u00a0<\/strong><\/p>\n<p>No se podr\u00e1 establecer ning\u00fan v\u00ednculo a esta web desde cualquier otra web sin el previo y expreso consentimiento de <strong>DA ROSA CENTER, S.L.\u00a0<\/strong><\/p>\n<p>La existencia de links en la web de <strong>DA ROSA CENTER, S.L.\u00a0<\/strong>, salvo manifestaci\u00f3n expresa en contrario, tiene una finalidad meramente informativa y en ning\u00fan caso supone sugerencia, invitaci\u00f3n o recomendaci\u00f3n sobre los mismos, por lo que <strong>DA ROSA CENTER, S.L.\u00a0<\/strong> no acepta ning\u00fan tipo de responsabilidad por cualquier da\u00f1o o p\u00e9rdida derivado de su uso.<\/p>\n<p>Estos enlaces no representan ning\u00fan tipo de relaci\u00f3n entre <strong>DA ROSA CENTER, S.L.\u00a0<\/strong> y los particulares o empresas titulares de los websites a los que puede accederse mediante estos enlaces. <strong>DA ROSA CENTER, S.L.\u00a0<\/strong> se reserva el derecho de retirar de modo unilateral y en cualquier momento los links que aparecen en su web.<\/p>\n<p>&nbsp;<\/p>\n<h2 class=\"heading-s\" data-gtm-vis-first-on-screen-11320358_157=\"138648\" data-gtm-vis-total-visible-time-11320358_157=\"300\">4) REDES SOCIALES.<\/h2>\n<p>En cumplimiento de lo establecido en el art. 10 de LSSI, informamos a los usuarios que <strong>DA ROSA CENTER, S.L.\u00a0<\/strong> es el prestador de Servicios de la Sociedad de la Informaci\u00f3n, de los enlaces que nuestra web establece a nuestros perfiles en redes sociales: https:\/\/www.facebook.com\/jaliscorestaurante.elche\/; https:\/\/www.tripadvisor.es\/Restaurant_Review-g661469-d5811049-Reviews-Restaurante_Jalisco-Elche_Costa_Blanca_Province_of_Alicante_Valencian_Country.html,\u00a0siendo la informaci\u00f3n suministrada en el aviso legal de esta web extensible a dichos perfiles.<\/p>\n<p>&nbsp;<\/p>\n<h2 class=\"heading-s\" data-gtm-vis-first-on-screen-11320358_157=\"138566\" data-gtm-vis-total-visible-time-11320358_157=\"200\">5) RESPONSABILIDAD DE <strong>DA ROSA CENTER, S.L.\u00a0<\/strong><\/h2>\n<p>i. <strong>DA ROSA CENTER, S.L.\u00a0<\/strong> realiza todos sus esfuerzos por mantener actualizada su p\u00e1gina web y porque el usuario pueda acceder a la misma en todo momento. Sin embargo, es posible que, por razones t\u00e9cnicas el visionado y funcionamiento de la p\u00e1gina no sea correcto o completo. <strong>DA ROSA CENTER, S.L.\u00a0<\/strong> no puede garantizar que su p\u00e1gina web se encuentre en todo momento disponible, y por tanto, <strong>DA ROSA CENTER, S.L.\u00a0<\/strong> no se har\u00e1 responsable por los da\u00f1os y perjuicios de naturaleza que pudieran derivarse de, con car\u00e1cter meramente enunciativo y no limitativo (i) la falta de disponibilidad de la web, inferencias, interrupciones, ca\u00eddas, o suspensiones temporales de la p\u00e1gina web, (ii) virus inform\u00e1ticos, aver\u00edas y\/o desconexiones en el funcionamiento del sistema electr\u00f3nico o en los aparatos y equipos inform\u00e1ticos, motivadas por causas ajenas a <strong>DA ROSA CENTER, S.L.\u00a0<\/strong>, que impidan o retrasen la prestaci\u00f3n de los servicios o la navegaci\u00f3n; (iii) Retrasos o bloqueos en el uso causados por deficiencias o sobrecargas de Internet o en otros sistemas electr\u00f3nicos que puedan ser causados por terceras personas mediante intromisiones ileg\u00edtimas fuera del control de la Tienda y que no sean atribuibles a <strong>DA ROSA CENTER, S.L.\u00a0<\/strong>; (iv) Las divergencias de la informaci\u00f3n, documentaci\u00f3n y\/o dem\u00e1s contenido de la web que pudieren existir entre la versi\u00f3n electr\u00f3nica y la versi\u00f3n impresa; (v) De la imposibilidad de dar el Servicio o permitir el acceso por causas no imputables a <strong>DA ROSA CENTER, S.L.\u00a0<\/strong>, incluidos supuestos de fuerza mayor.<\/p>\n<p>iii. Los servicios de la sociedad de la informaci\u00f3n ofrecidos en esta web y no sometidos a contrataci\u00f3n previa son ofrecidos al usuario sin contrapartida alguna y \u00fanicamente conllevan para el usuario la obligaci\u00f3n de cumplir las normas de uso establecidas en este Aviso Legal. <strong>DA ROSA CENTER, S.L.\u00a0<\/strong> no tiene, por tanto, respecto de estos servicios, obligaci\u00f3n de cumplir determinados niveles de disponibilidad ni adoptar medidas de seguridad espec\u00edficas. Se informa al Usuario de que las comunicaciones a trav\u00e9s de redes abiertas no son seguras. Es responsabilidad del Usuario adoptar todas las medidas t\u00e9cnicas adecuadas para controlar razonablemente estos riesgos y evitar da\u00f1os en sus equipos, p\u00e9rdida de datos y robo de informaci\u00f3n confidencial.<\/p>\n<p>iv. En el caso de usuarios menores de edad o incapaces, la utilizaci\u00f3n de la web ser\u00e1 bajo la entera responsabilidad de sus padres, representantes o tutores legales, debiendo estos acompa\u00f1ar, supervisar o tomar las precauciones oportunas durante la navegaci\u00f3n de aquellos por las p\u00e1ginas web. Por tanto y sin perjuicio de todo lo previsto como Aviso Legal; en su condici\u00f3n de padres, representantes o tutores legales, ser\u00e1n los responsables de que sus hijos menores o tutelados accedan a los servicios, productos o contenidos de <strong>DA ROSA CENTER, S.L.\u00a0<\/strong> o se registren, por lo que les recomendamos acompa\u00f1ar, supervisar o tomar las precauciones oportunas (reglas de tiempo de uso de ordenador, ubicaci\u00f3n del ordenador en zona com\u00fan de la casa, etc.) durante la navegaci\u00f3n de aquellos por las p\u00e1ginas web.<\/p>\n<p>v. <strong>DA ROSA CENTER, S.L.\u00a0<\/strong> podr\u00e1, sin necesidad de previo aviso, suspender temporalmente el contenido de la p\u00e1gina web por razones de mantenimiento o reparaci\u00f3n de sus sistemas e introducir los cambios que estime oportunos en la p\u00e1gina web.<\/p>\n<p>&nbsp;<\/p>\n<h2 class=\"heading-s\" data-gtm-vis-first-on-screen-11320358_157=\"104\" data-gtm-vis-total-visible-time-11320358_157=\"900\">6) OBLIGACIONES DEL USUARIO.<\/h2>\n<p>i. El Usuario se obliga al cumplimiento de las presentes Condiciones Generales de Uso, en su caso las Condiciones Particulares que fueran de aplicaci\u00f3n, as\u00ed como cumplir las especiales advertencias o instrucciones de uso contenidas en las mismas o en la propia web.<\/p>\n<p>ii. El Usuario debe realizar un uso l\u00edcito de los servicios de esta Web de acuerdo con la legalidad vigente, respetando los derechos de propiedad intelectual de <strong>DA ROSA CENTER, S.L.\u00a0<\/strong> o de terceros.<\/p>\n<p>iii. El Usuario garantiza que las actividades que desarrolle a trav\u00e9s del sitio Web se adecuar\u00e1n a la ley, la moral, el orden p\u00fablico, las buenas costumbres y, en ning\u00fan caso, resultar\u00e1n ofensivas para el buen nombre e imagen comercial de <strong>DA ROSA CENTER, S.L.\u00a0<\/strong>, otros Usuarios de la Web o para terceros.<\/p>\n<p>iv. El Usuario emplear\u00e1 la diligencia adecuada a la naturaleza del servicio del que disfruta, y no realizar\u00e1 a trav\u00e9s de los servicios que pone a su disposici\u00f3n <strong>DA ROSA CENTER, S.L.\u00a0<\/strong> ninguna acci\u00f3n que cause da\u00f1o o alteraciones de los contenidos u obstaculice el buen funcionamiento de la Web, comprometi\u00e9ndose expresamente por el solo uso de la misma a no causar problemas t\u00e9cnicos de cualquier \u00edndole, transferir elementos susceptibles de portar virus inform\u00e1ticos o da\u00f1ar, interferir o interceptar total o parcialmente la Web, as\u00ed como a no intervenir o alterar el correo electr\u00f3nico de otros Usuarios.<\/p>\n<p>&nbsp;<\/p>\n<h2 class=\"heading-s\" data-gtm-vis-first-on-screen-11320358_157=\"109\" data-gtm-vis-total-visible-time-11320358_157=\"200\">7) COMUNICACIONES.<\/h2>\n<p>A los efectos de las presentes Condiciones Generales, y para cualquier comunicaci\u00f3n que sea precisa entre <strong>DA ROSA CENTER, S.L.\u00a0<\/strong> y el Usuario, \u00e9stos deber\u00e1n dirigirse al Servicio de Atenci\u00f3n al Cliente mediante correo electr\u00f3nico (enviado un mensaje a <strong>info@jalisco-restaurante.com <\/strong>o bien mediante comunicaci\u00f3n escrita dirigida a Departamento de Atenci\u00f3n al Cliente, <strong>DA ROSA CENTER, S.L.<\/strong>, C\/ VELARDE, 4- C.P. 03203- ELCHE (ALICANTE).<\/p>\n<p>Las comunicaciones de <strong>DA ROSA CENTER, S.L.\u00a0<\/strong> al Usuario se realizar\u00e1n conforme a los datos aportados por \u00e9ste al registrarse en la p\u00e1gina web. El Usuario acepta expresamente para todas las comunicaciones relacionadas con la utilizaci\u00f3n de la Tienda, y\/o la adquisici\u00f3n de bienes, la utilizaci\u00f3n del correo electr\u00f3nico como procedimiento v\u00e1lido para la remisi\u00f3n de dichas comunicaciones. Es responsabilidad del Usuario mantener actualizados los datos facilitados en la creaci\u00f3n de su cuenta, especialmente los datos de contacto facilitados para la gesti\u00f3n de pedidos.<\/p>\n<p>&nbsp;<\/p>\n<h2 class=\"heading-s\" data-gtm-vis-first-on-screen-11320358_157=\"137583\" data-gtm-vis-total-visible-time-11320358_157=\"100\">8) NULIDAD DE LAS CL\u00c1USULAS.<\/h2>\n<p>Si cualquier contenido de las presentes Condiciones Generales de utilizaci\u00f3n del portal fuese declarada total o parcialmente nulo o ineficaz, dicha declaraci\u00f3n afectar\u00e1 tan solo al contenido o parte de la mismo que resulte nulo o ineficaz subsistiendo en todo lo dem\u00e1s el resto de Condiciones Generales y teni\u00e9ndose tal contenido o la parte del mismo que resulte afectado por no puesto, salvo que por resultar esencial a las presentes Condiciones Generales, hubiese de afectarlas de forma integral.<\/p>\n<p>&nbsp;<\/p>\n<h2 class=\"heading-s\" data-gtm-vis-first-on-screen-11320358_157=\"137548\" data-gtm-vis-total-visible-time-11320358_157=\"100\">9) LEY APLICABLE Y JURISDICCI\u00d3N.<\/h2>\n<p>Estas Condiciones Generales de acceso, navegaci\u00f3n y uso del sitio Web, as\u00ed como cualquier relaci\u00f3n entre el Usuario y <strong>DA ROSA CENTER, S.L. (RESTAURANTE JALISCO)<\/strong> se regir\u00e1n por la legislaci\u00f3n espa\u00f1ola.<\/p>\n<p>Cualquier controversia que pudiera surgir o guarde relaci\u00f3n con el uso de esta web ser\u00e1 sometida a jurisdicci\u00f3n de los juzgados y tribunales del domicilio del consumidor de conformidad con lo dispuesto en el art. 90.2 del RDL 1\/2007, de 16 de noviembre, por el que se aprueba el Texto Refundido de la ley General para la Defensa de los Consumidores y Usuarios y otras leyes complementarias.<\/p>\n<p>En todo caso, ser\u00e1 de aplicaci\u00f3n la \u00faltima Pol\u00edtica de Privacidad aceptada por el Usuario.<\/p>\n<p><a id=\"condiciones\" name=\"condiciones\"><\/a><\/p>\n<p>&nbsp;<\/p>\n<h1 class=\"heading-l\">T\u00c9RMINOS Y CONDICIONES DE COMPRA.<\/h1>\n<p>&nbsp;<\/p>\n<h2 class=\"heading-s\" data-gtm-vis-first-on-screen-11320358_157=\"223\" data-gtm-vis-total-visible-time-11320358_157=\"100\">1) INFORMACI\u00d3N PREVIA.<\/h2>\n<p><strong>DA ROSA CENTER, S.L. (RESTAURANTE JALISCO)<\/strong>, informa que los tr\u00e1mites para efectuar la adquisici\u00f3n de bienes y\/o obtener la prestaci\u00f3n de los servicios ofrecidos, son aquellos que se describen en las presentes condiciones generales, as\u00ed como aquellos otros espec\u00edficos que se indiquen en pantalla durante la navegaci\u00f3n y el proceso de compra, de manera que el Usuario declara conocer y aceptar dichos tr\u00e1mites como necesarios para acceder a los productos y servicios ofrecidos en esta web.<\/p>\n<p>Al hacer uso de esta p\u00e1gina web y realizar pedidos a trav\u00e9s de la misma, el usuario se compromete a:<\/p>\n<p>1. Hacer uso de esta p\u00e1gina web \u00fanica y exclusivamente para realizar pedidos legalmente v\u00e1lidos.<\/p>\n<p>2. No realizar ning\u00fan pedido falso o fraudulento. Si razonablemente se pudiera considerar que se ha hecho un pedido de esta \u00edndole estaremos autorizados a anularlo e informar a las autoridades competentes.<\/p>\n<p>3. Facilitarnos su direcci\u00f3n de correo electr\u00f3nico, direcci\u00f3n postal y\/u otros datos de contacto de forma veraz y exacta para la gesti\u00f3n de los pedidos, y mantener actualizados dichos datos. Si no nos facilita usted toda la informaci\u00f3n que necesitamos, no podremos cursar su pedido.<\/p>\n<p>4. Al realizar un pedido a trav\u00e9s de esta p\u00e1gina web, usted declara ser mayor de 18 a\u00f1os y tener capacidad legal para celebrar contratos.<\/p>\n<p>&nbsp;<\/p>\n<h2 class=\"heading-s\" data-gtm-vis-first-on-screen-11320358_157=\"223\" data-gtm-vis-total-visible-time-11320358_157=\"100\">2) REALIZACI\u00d3N DE PEDIDOS.<\/h2>\n<p>i. La realizaci\u00f3n de pedidos est\u00e1 sujeta \u00fanicamente a la ciudad de Elche (su n\u00facleo urbano). Para pedidos a partidas rurales llamar por tel\u00e9fono para confirmar disponibilidad.<\/p>\n<p>ii. Se podr\u00e1 realizar el pedido como usuario \u00abinivitado\u00bb, rellenando todos y cada uno de sus datos personales, as\u00ed como direcci\u00f3n de env\u00edo y datos de contacto. Para acceder como usuario registrado deber\u00e1 introducir su correo electr\u00f3nico y la contrase\u00f1a facilitada en el proceso de registro. El Nombre de Usuario y la Contrase\u00f1a son elementos identificadores y habilitadores para acceder a los servicios y tienen car\u00e1cter personal e intransferible.<\/p>\n<p>iii. La duraci\u00f3n del env\u00edo est\u00e1 sujeta a la disponibilidad del servicio de env\u00edo a domicilio, pero aproximadamente es de 1 hora , tras realizar el pago del pedido.<\/p>\n<p>iv. Todos los pedidos est\u00e1n sujetos a la disponibilidad de los productos en el establecimiento de referencia, si hubiera dificultades en cuanto al suministro o no quedaran art\u00edculos en stock, el establecimiento se pondr\u00e1 en contacto con el usuario para informarle, ofrecerle un producto alternativo y \/o en su caso reembolsarle el importe que pudiera haber abonado.<\/p>\n<p>v. Confirmaci\u00f3n del pedido: Finalizado el proceso de compra aparece la opci\u00f3n de confirmaci\u00f3n del pedido, en la que aparecer\u00e1n relacionados los productos adquiridos, siendo responsable el propio usuario de revisar y confirmar los productos, los precios y las ofertas seleccionadas en su caso. Una vez confirmado el pedido y recibida la orden del pedido, <strong>DA ROSA CENTER, S.L. (RESTAURANTE JALISCO)<\/strong> enviar\u00e1 a su cliente un albar\u00e1n por correo electr\u00f3nico confirmando la compra.<\/p>\n<p>vi. Durante el proceso de compra el Usuario debe seleccionar la hora de reparto o de entrega a domicilio del pedido, si bien el tiempo estimado para proceder a la entrega de los pedidos puede estar sujeto a posibles variaciones por circunstancias ajenas a <strong>DA ROSA CENTER, S.L. (RESTAURANTE JALISCO).<\/strong><\/p>\n<p>&nbsp;<\/p>\n<p>&nbsp;<\/p>\n<h2 class=\"heading-s\" data-gtm-vis-first-on-screen-11320358_157=\"44335\" data-gtm-vis-total-visible-time-11320358_157=\"700\">3) DESISTIMIENTO.<\/h2>\n<p><strong>DA ROSA CENTER, S.L. (RESTAURANTE JALISCO)<\/strong>\u00a0informa al Usuario que no tiene obligaci\u00f3n de enviar al consumidor un documento de desistimiento para poder revocar la contrataci\u00f3n del servicio ofrecido a trav\u00e9s de nuestra web en los plazos legales, al encontrarse dentro de las excepciones establecidas en el Art\u00edculo 102 y 103 del Real Decreto Legislativo 1\/2007, de 16 de noviembre, por el que se aprueba el texto refundido de la Ley General para la Defensa de los Consumidores y Usuarios y otras leyes complementarias, en virtud de los cuales se establece que no cabe el derecho de desistimiento en los contratos de suministro de bienes confeccionados conforme a las especificaciones del consumidor o claramente personalizados, o que, por su naturaleza, no puedan ser devueltos o puedan deteriorarse o caducar con rapidez.<\/p>\n<p>&nbsp;<\/p>\n<h2 class=\"heading-s\" data-gtm-vis-first-on-screen-11320358_157=\"57151\" data-gtm-vis-total-visible-time-11320358_157=\"100\">4) PRECIOS.<\/h2>\n<p>En el momento de la compra se mostrar\u00e1 el precio final por producto en Euros, incluido el IVA.<\/p>\n<p>Algunas de las ofertas y promociones que aparecen en la web son exclusivas para los pedidos realizados a trav\u00e9s de la misma, no siendo v\u00e1lidas en el \u00e1mbito de pedidos realizados telef\u00f3nicamente o en el propio establecimiento.<\/p>\n<p>&nbsp;<\/p>\n<h2 class=\"heading-s\" data-gtm-vis-first-on-screen-11320358_157=\"67584\" data-gtm-vis-total-visible-time-11320358_157=\"100\">5) PAGOS.<\/h2>\n<p>En la pantalla correspondiente al pago del pedido, aparecer\u00e1n, se\u00f1alizados con los logotipos correspondientes los distintos medios de pago disponibles en el establecimiento de referencia, pudiendo elegir el que le resulte m\u00e1s conveniente.<\/p>\n<p>El m\u00e9todo de pago para la realizaci\u00f1on de pedidos es:<\/p>\n<p>\u2022 Tarjeta de cr\u00e9dito-d\u00e9bito.<\/p>\n<p>Podr\u00e1 utilizar como medio de pago tarjetas, cuando se indiquen los logotipos correspondientes a las tarjetas aceptadas en el establecimiento: Visa, Mastercard.<\/p>\n<p>Las tarjetas de cr\u00e9dito estar\u00e1n sujetas a comprobaciones y autorizaciones por parte de la entidad emisora de las mismas, pero si dicha entidad no autorizase el pago, no nos haremos responsables por ning\u00fan retraso o falta de entrega y no podemos formalizar ning\u00fan contrato con el Usuario. Al autorizar el pago con la tarjeta facilitada est\u00e1 confirmando que es el titular de la tarjeta.<\/p>\n<p>El sitio web utiliza t\u00e9cnicas de seguridad de la informaci\u00f3n generalmente aceptada en la industria, tales como firewalls, procedimientos de control de acceso y mecanismos criptogr\u00e1ficos, todo ello con el objeto de evitar el acceso no autorizado de datos. Para lograr estos fines, el usuario\/cliente acepta que el prestador obtenga datos para efecto de la correspondiente autenticaci\u00f3n de los controles de acceso<\/p>\n<p>Pol\u00edtica de devoluci\u00f3n o retorno de pagos con tarjeta:<\/p>\n<p>En los casos en que se demuestre que procede la devoluci\u00f3n o abono al usuario de los pagos realizados con tarjetas, <strong>DA ROSA CENTER, S.L. (RESTAURANTE JALISCO)<\/strong> procurar\u00e1 realizar el reembolso correspondiente en cuenta en el plazo de 10 d\u00edas h\u00e1biles.<\/p>\n<p>&nbsp;<\/p>\n<h2 class=\"heading-s\" data-gtm-vis-first-on-screen-11320358_157=\"115177\">6) RECLAMACIONES.<\/h2>\n<p>El Usuario puede formular una queja o reclamaci\u00f3n al Servicio de Atenci\u00f3n al Cliente mediante correo electr\u00f3nico (enviado un mensaje a <strong>info@jalisco-restaurante.com<\/strong> o bien mediante comunicaci\u00f3n escrita dirigida a Departamento de Atenci\u00f3n al Cliente, <strong>DA ROSA CENTER, S.L. (RESTAURANTE JALISCO) <\/strong>, C\/ VELARDE, 4- C.P. 03203- ELCHE (ALICANTE).<\/p>\n<p>Adem\u00e1s <strong>DA ROSA CENTER, S.L. (RESTAURANTE JALISCO)<\/strong> dispone de Hojas de Reclamaciones, a disposici\u00f3n de sus clientes en el establecimiento de referencia. Recomendamos a los usuarios que tramiten su reclamaci\u00f3n en el establecimiento encargado de la prestaci\u00f3n efectiva del servicio.<\/p>\n<p>Conforme a lo dispuesto en el Art. 14.1 del Reglamento n\u00ba 524\/2013 de la UE, le informamos que la Comisi\u00f3n Europea facilita una plataforma online de resoluci\u00f3n de conflictos, que se encuentra disponible en el siguiente enlace:\u00a0<a href=\"http:\/\/ec.europa.eu\/consumers\/odr\/\" target=\"_blank\" rel=\"noopener\">http:\/\/ec.europa.eu\/consumers\/odr\/<\/a><\/p>\n<p>&nbsp;<\/p>\n<p>&nbsp;<\/p>\n","protected":false},"excerpt":{"rendered":"<p>CONDICIONES GENERALES DE UTILIZACI\u00d3N DE LA WEB. &nbsp; &nbsp; 1) INTRODUCCI\u00d3N. Las presentes Condiciones Generales de Utilizaci\u00f3n del Portal, junto con las condiciones generales de contrataci\u00f3n que rijan la prestaci\u00f3n de los servicios, y\/o las condiciones particulares que puedan establecerse, tienen por finalidad regular tanto&#8230;<\/p>\n","protected":false},"author":1,"featured_media":0,"parent":0,"menu_order":0,"comment_status":"closed","ping_status":"closed","template":"","meta":{"footnotes":""},"class_list":["post-711","page","type-page","status-publish","hentry"],"_links":{"self":[{"href":"https:\/\/jalisco-restaurante.com\/index.php\/wp-json\/wp\/v2\/pages\/711","targetHints":{"allow":["GET"]}}],"collection":[{"href":"https:\/\/jalisco-restaurante.com\/index.php\/wp-json\/wp\/v2\/pages"}],"about":[{"href":"https:\/\/jalisco-restaurante.com\/index.php\/wp-json\/wp\/v2\/types\/page"}],"author":[{"embeddable":true,"href":"https:\/\/jalisco-restaurante.com\/index.php\/wp-json\/wp\/v2\/users\/1"}],"replies":[{"embeddable":true,"href":"https:\/\/jalisco-restaurante.com\/index.php\/wp-json\/wp\/v2\/comments?post=711"}],"version-history":[{"count":7,"href":"https:\/\/jalisco-restaurante.com\/index.php\/wp-json\/wp\/v2\/pages\/711\/revisions"}],"predecessor-version":[{"id":764,"href":"https:\/\/jalisco-restaurante.com\/index.php\/wp-json\/wp\/v2\/pages\/711\/revisions\/764"}],"wp:attachment":[{"href":"https:\/\/jalisco-restaurante.com\/index.php\/wp-json\/wp\/v2\/media?parent=711"}],"curies":[{"name":"wp","href":"https:\/\/api.w.org\/{rel}","templated":true}]}}